{"id":19,"date":"2013-11-20T13:08:03","date_gmt":"2013-11-20T13:08:03","guid":{"rendered":"http:\/\/blog.rewoo.de\/?page_id=19"},"modified":"2019-08-02T17:58:44","modified_gmt":"2019-08-02T15:58:44","slug":"ueber-uns","status":"publish","type":"page","link":"https:\/\/blog.rewoo.de\/?page_id=19","title":{"rendered":"\u00dcber uns"},"content":{"rendered":"<div id=\"marginLinks72\">\n<p>Wir sind ein engagiertes und technikbegeistertes Team aus Software-Entwicklern, Projektmanagern und Designern und bilden zusammen die REWOO Software GmbH aus der Technologieregion Karlsruhe.<\/p>\n<p>Wir stehen f\u00fcr ansprechende und leicht zu bedienende Software in den Bereichen Enterprise Content Management und Dokumentenmanagement (ECM\/DMS). Seit der Gr\u00fcndung arbeiten wir t\u00e4glich daran, den Kundennutzen in den Vordergrund zu stellen. Denn wir glauben daran, dass gute Zusammenarbeit und stetiger Informationsaustausch der Garant f\u00fcr ein zukunftssicheres und erfolgreiches Unternehmen ist.<\/p>\n<p>Unser Produkt <a href=\"http:\/\/rewoo.de\/produkt.html\">REWOO Scope<\/a> richtet sich haupts\u00e4chlich an kleine und mittelst\u00e4ndische Unternehmen im deutschsprachigen Raum. Unsere Produkte erarbeiten wir in enger Zusammenarbeit und durch den kontinuierlichen Erfahrungsaustausch mit unseren Kunden. Unser ECM-System stellt den Anwender in den Vordergrund und bietet Ihnen eine optimale L\u00f6sung f\u00fcr die Sammlung und Aufbereitung aller Dokumente und Informationen.<\/p>\n<p>Unsere Kunden erhalten eine pers\u00f6nliche Betreuung und individuelle Beratung, die perfekt auf sie abgestimmt ist. Wir verstehen uns als Partner unserer Kunden. Denn bei uns steht der Kunde und die Menschen, die das Unternehmen ausmachen, im Mittelpunkt.<\/p>\n<p>Wir und unser Produkt REWOO Scope stehen f\u00fcr Transparenz und \u00dcbersicht, wof\u00fcr wir von der Initiative Mittelstand mit dem Pr\u00e4dikat \u201eBest of 2013\u201c und\u00a0\u201eBest of 2014\u201c ausgezeichnet wurden.<\/p>\n<\/div>\n<div class=\"twoclick_social_bookmarks_post_19 social_share_privacy clearfix 1.6.4 locale-de_DE sprite-de_DE\"><\/div><div class=\"twoclick-js\"><script type=\"text\/javascript\">\/* <![CDATA[ *\/\njQuery(document).ready(function($){if($('.twoclick_social_bookmarks_post_19')){$('.twoclick_social_bookmarks_post_19').socialSharePrivacy({\"services\":{\"twitter\":{\"reply_to\":\"RewooTech\",\"tweet_text\":\"%C3%9Cber%20uns%20%C2%BB%20REWOO%20Software%20GmbH%20Blog\",\"status\":\"on\",\"txt_info\":\"2 Klicks f\\u00fcr mehr Datenschutz: Erst wenn Sie hier klicken, wird der Button aktiv und Sie k\\u00f6nnen Ihre Empfehlung an Twitter senden. Schon beim Aktivieren werden Daten an Dritte \\u00fcbertragen - siehe <em>i<\\\/em>.\",\"perma_option\":\"off\",\"language\":\"de\",\"referrer_track\":\"\"},\"linkedin\":{\"status\":\"on\",\"txt_info\":\"2 Klicks f\\u00fcr mehr Datenschutz: Erst wenn Sie hier klicken, wird der Button aktiv und Sie k\\u00f6nnen Ihre Empfehlung an LinkedIn senden. Schon beim Aktivieren werden Daten an Dritte \\u00fcbertragen - siehe <em>i<\\\/em>.\",\"perma_option\":\"off\"}},\"txt_help\":\"Wenn Sie diese Felder durch einen Klick aktivieren, werden Informationen an Facebook, Twitter, Flattr, Xing, t3n, LinkedIn, Pinterest oder Google eventuell ins Ausland \\u00fcbertragen und unter Umst\\u00e4nden auch dort gespeichert. N\\u00e4heres erfahren Sie durch einen Klick auf das <em>i<\\\/em>.\",\"settings_perma\":\"Dauerhaft aktivieren und Daten\\u00fcber-tragung zustimmen:\",\"info_link\":\"http:\\\/\\\/www.heise.de\\\/ct\\\/artikel\\\/2-Klicks-fuer-mehr-Datenschutz-1333879.html\",\"uri\":\"https:\\\/\\\/blog.rewoo.de\\\/?page_id=19\",\"post_id\":19,\"post_title_referrer_track\":\"%C3%9Cber+uns\",\"display_infobox\":\"on\"});}});\n\/* ]]> *\/<\/script><\/div>","protected":false},"excerpt":{"rendered":"<p>Wir sind ein engagiertes und technikbegeistertes Team aus Software-Entwicklern, Projektmanagern und Designern und bilden zusammen die REWOO Software GmbH aus der Technologieregion Karlsruhe. Wir stehen f\u00fcr ansprechende und leicht zu bedienende Software in den Bereichen Enterprise Content Management und Dokumentenmanagement (ECM\/DMS). Seit der Gr\u00fcndung arbeiten wir t\u00e4glich daran, den Kundennutzen in den Vordergrund zu stellen. &hellip;<br \/><a href=\"https:\/\/blog.rewoo.de\/?page_id=19\">Read more <span class=\"meta-nav\">&rarr;<\/span><\/a><br \/><a href=\"https:\/\/blog.rewoo.de\/?page_id=19\">Read more <span class=\"meta-nav\">&rarr;<\/span><\/a><\/p>\n","protected":false},"author":2,"featured_media":0,"parent":0,"menu_order":0,"comment_status":"closed","ping_status":"closed","template":"","meta":[],"yoast_head":"<!-- This site is optimized with the Yoast SEO plugin v16.4 - https:\/\/yoast.com\/wordpress\/plugins\/seo\/ -->\n<meta name=\"robots\" content=\"index, follow, max-snippet:-1, max-image-preview:large, max-video-preview:-1\" \/>\n<link rel=\"canonical\" href=\"https:\/\/blog.rewoo.de\/?page_id=19\" \/>\n<meta property=\"og:locale\" content=\"de_DE\" \/>\n<meta property=\"og:type\" content=\"article\" \/>\n<meta property=\"og:title\" content=\"\u00dcber uns - REWOO Software GmbH Blog\" \/>\n<meta property=\"og:description\" content=\"Wir sind ein engagiertes und technikbegeistertes Team aus Software-Entwicklern, Projektmanagern und Designern und bilden zusammen die REWOO Software GmbH aus der Technologieregion Karlsruhe. Wir stehen f\u00fcr ansprechende und leicht zu bedienende Software in den Bereichen Enterprise Content Management und Dokumentenmanagement (ECM\/DMS). Seit der Gr\u00fcndung arbeiten wir t\u00e4glich daran, den Kundennutzen in den Vordergrund zu stellen. &hellip;Read more &rarr;Read more &rarr;\" \/>\n<meta property=\"og:url\" content=\"https:\/\/blog.rewoo.de\/?page_id=19\" \/>\n<meta property=\"og:site_name\" content=\"REWOO Software GmbH Blog\" \/>\n<meta property=\"article:modified_time\" content=\"2019-08-02T15:58:44+00:00\" \/>\n<meta name=\"twitter:card\" content=\"summary_large_image\" \/>\n<meta name=\"twitter:site\" content=\"@RewooTech\" \/>\n<meta name=\"twitter:label1\" content=\"Gesch\u00e4tzte Lesezeit\" \/>\n\t<meta name=\"twitter:data1\" content=\"1\u00a0Minute\" \/>\n<script type=\"application\/ld+json\" class=\"yoast-schema-graph\">{\"@context\":\"https:\/\/schema.org\",\"@graph\":[{\"@type\":\"WebSite\",\"@id\":\"https:\/\/blog.rewoo.de\/#website\",\"url\":\"https:\/\/blog.rewoo.de\/\",\"name\":\"REWOO Technologies Blog\",\"description\":\"\",\"potentialAction\":[{\"@type\":\"SearchAction\",\"target\":\"https:\/\/blog.rewoo.de\/?s={search_term_string}\",\"query-input\":\"required name=search_term_string\"}],\"inLanguage\":\"de\"},{\"@type\":\"WebPage\",\"@id\":\"https:\/\/blog.rewoo.de\/?page_id=19#webpage\",\"url\":\"https:\/\/blog.rewoo.de\/?page_id=19\",\"name\":\"\\u00dcber uns - REWOO Software GmbH Blog\",\"isPartOf\":{\"@id\":\"https:\/\/blog.rewoo.de\/#website\"},\"datePublished\":\"2013-11-20T13:08:03+00:00\",\"dateModified\":\"2019-08-02T15:58:44+00:00\",\"breadcrumb\":{\"@id\":\"https:\/\/blog.rewoo.de\/?page_id=19#breadcrumb\"},\"inLanguage\":\"de\",\"potentialAction\":[{\"@type\":\"ReadAction\",\"target\":[\"https:\/\/blog.rewoo.de\/?page_id=19\"]}]},{\"@type\":\"BreadcrumbList\",\"@id\":\"https:\/\/blog.rewoo.de\/?page_id=19#breadcrumb\",\"itemListElement\":[{\"@type\":\"ListItem\",\"position\":1,\"item\":{\"@type\":\"WebPage\",\"@id\":\"https:\/\/blog.rewoo.de\/\",\"url\":\"https:\/\/blog.rewoo.de\/\",\"name\":\"Home\"}},{\"@type\":\"ListItem\",\"position\":2,\"item\":{\"@id\":\"https:\/\/blog.rewoo.de\/?page_id=19#webpage\"}}]}]}<\/script>\n<!-- \/ Yoast SEO plugin. -->","_links":{"self":[{"href":"https:\/\/blog.rewoo.de\/index.php?rest_route=\/wp\/v2\/pages\/19"}],"collection":[{"href":"https:\/\/blog.rewoo.de\/index.php?rest_route=\/wp\/v2\/pages"}],"about":[{"href":"https:\/\/blog.rewoo.de\/index.php?rest_route=\/wp\/v2\/types\/page"}],"author":[{"embeddable":true,"href":"https:\/\/blog.rewoo.de\/index.php?rest_route=\/wp\/v2\/users\/2"}],"replies":[{"embeddable":true,"href":"https:\/\/blog.rewoo.de\/index.php?rest_route=%2Fwp%2Fv2%2Fcomments&post=19"}],"version-history":[{"count":1,"href":"https:\/\/blog.rewoo.de\/index.php?rest_route=\/wp\/v2\/pages\/19\/revisions"}],"predecessor-version":[{"id":1026,"href":"https:\/\/blog.rewoo.de\/index.php?rest_route=\/wp\/v2\/pages\/19\/revisions\/1026"}],"wp:attachment":[{"href":"https:\/\/blog.rewoo.de\/index.php?rest_route=%2Fwp%2Fv2%2Fmedia&parent=19"}],"curies":[{"name":"wp","href":"https:\/\/api.w.org\/{rel}","templated":true}]}}